{"id":6,"date":"2016-10-10T12:35:46","date_gmt":"2016-10-10T10:35:46","guid":{"rendered":"http:\/\/www.cpam-larochelle.fr\/?page_id=6"},"modified":"2018-03-08T17:55:14","modified_gmt":"2018-03-08T16:55:14","slug":"cpam-demenageur-demenagement-visa-chine-visa-inde-visa-vietnam-visa-russie-croisiere-safari-afrique-garde-meubles-viager","status":"publish","type":"page","link":"https:\/\/www.cpam-larochelle.fr\/","title":{"rendered":"CPAM"},"content":{"rendered":"<h2>Courir pour une bonne cause :<\/h2>\n<p>&nbsp;<\/p>\n<p><img loading=\"lazy\" class=\"alignright size-medium wp-image-9\" src=\"https:\/\/www.cpam-larochelle.fr\/wp-content\/uploads\/2016\/10\/6-1.jpeg-300x154.jpg\" alt=\"6-1.jpeg\" width=\"300\" height=\"154\" srcset=\"https:\/\/www.cpam-larochelle.fr\/wp-content\/uploads\/2016\/10\/6-1.jpeg-300x154.jpg 300w, https:\/\/www.cpam-larochelle.fr\/wp-content\/uploads\/2016\/10\/6-1.jpeg.jpg 314w\" sizes=\"(max-width: 300px) 100vw, 300px\" \/>Chausser ses baskets pour une course purement sportive ? Une telle initiative ne tentera que les plus endurants et les mieux entra\u00een\u00e9s d&rsquo;entre nous. On peut aussi associer l&rsquo;effort physique voire la performance sans enjeu comp\u00e9titif \u00e0 une action de bienfaisance en participant \u00e0 une \u00e9preuve sportive au profit de personnes malades.<\/p>\n<p>Cette d\u00e9marche caritative permet en g\u00e9n\u00e9ral de sensibiliser l&rsquo;opinion publique \u00e0 une pathologie sp\u00e9cifique et souvent \u00e0 financer la recherche th\u00e9rapeutique.<\/p>\n<p>A La Rochelle, la marche \u00ab\u00a0octobre rose\u00a0\u00bb, ouverte \u00e0 toutes les bonnes volont\u00e9s, incite au d\u00e9pistage pr\u00e9coce du cancer du sein et soutient les femmes touch\u00e9es par la maladie tout en d\u00e9livrant un message d&rsquo;espoir.<\/p>\n<p>&nbsp;<\/p>\n<h2>Un changement de logement pr\u00e9vu ?<\/h2>\n<p>&nbsp;<\/p>\n<p>Avant d&rsquo;appeler le d\u00e9m\u00e9nageur <a href=\"http:\/\/demenageur.com\">demenageur.com<\/a>\u00a0pour qu&rsquo;il vienne transporter vos meubles de votre ancien \u00e0 votre nouveau nid, quelques rappels s&rsquo;imposent en mati\u00e8re de d\u00e9m\u00e9nagement <a href=\"http:\/\/demenageur.com\/demenagement\/\">demenageur.com\/demenagement\/<\/a>\u00a0.<\/p>\n<p>L&rsquo;entreprise doit venir chez vous pour une \u00e9valuation et vous remettre un devis d\u00e9m\u00e9nagement <a href=\"http:\/\/demenageur.com\/devis-demenagement\/\">demenageur.com\/devis-demenagement\/<\/a>\u00a0gratuit. Ce document doit mentionner en plus les conditions de vente g\u00e9n\u00e9rales et particuli\u00e8res du transporteur.<\/p>\n<p>La compagnie peut \u00e9galement vous proposer de mettre un garde-meubles\u00a0\u00e0 votre disposition afin de conserver et abriter vos biens dans l&rsquo;attente de votre relogement. Des conteneurs scell\u00e9s devant vous et assur\u00e9s sont une bonne garantie pour les r\u00e9cup\u00e9rer intacts.<\/p>\n<p>&nbsp;<\/p>\n<h2>Une assurance-vie, pour quoi faire ?<\/h2>\n<p>&nbsp;<\/p>\n<p>Connue en France comme le contrat d&rsquo;assurance d\u00e9c\u00e8s, l&rsquo;assurance-vie <a href=\"http:\/\/lassurancevie.fr\">lassurancevie.fr<\/a>\u00a0permet le paiement par la compagnie de la somme totale vers\u00e9e durant la p\u00e9riode du contrat si l&rsquo;assur\u00e9 est en vie \u00e0 l&rsquo;\u00e9ch\u00e9ance dudit contrat.<\/p>\n<p>Cette convention s&rsquo;apparente \u00e0 un revenu d&rsquo;\u00e9pargne qui b\u00e9n\u00e9ficie des atouts fiscaux de l&rsquo;assurance. A cela s&rsquo;ajoutent des avantages li\u00e9s aux taxes en mati\u00e8re de frais de succession.<\/p>\n<p>On cumule ainsi deux objectifs p\u00e9rennes : les fonds plac\u00e9s rapportent et au final, l&rsquo;assur\u00e9 est en mesure de financer sa retraite ou alors d&rsquo;envisager l&rsquo; achat d&rsquo;un bien immobilier. Autre placement le viager\u00a0\u00a0.<\/p>\n<p>Au moment de la souscription du contrat, sa p\u00e9riode de validit\u00e9 doit \u00eatre pr\u00e9cis\u00e9e. On peut \u00e9ventuellement la prolonger selon les termes de l&rsquo;accord et ce, d&rsquo;une ann\u00e9e sur l&rsquo;autre.<\/p>\n<p>&nbsp;<\/p>\n<h2>Obtenir un visa, pour un voyage vers l&rsquo;Asie<\/h2>\n<p>&nbsp;<\/p>\n<p>Certains pays ne sont accessibles que sur pr\u00e9sentation d&rsquo;un visa. Pour un visa Chine <a href=\"http:\/\/visachine.fr\">visachine.fr<\/a>\u00a0, la d\u00e9marche peut s&rsquo;effectuer en ligne:<\/p>\n<p>&nbsp;<\/p>\n<p>Sa validit\u00e9 est de trente jours \u00e0 compter de la date de demande du visa, pour au plus deux entr\u00e9es sur le territoire. La demande doit \u00eatre faite deux \u00e0 trois semaines avant le voyage.<\/p>\n<p>Une demande de visa Russie\u00a0n\u00e9cessite aussi de remplir un formulaire en ligne, en russe ou bien en anglais:<\/p>\n<p>Ce document est \u00e0 joindre au dossier complet et \u00e0 d\u00e9poser aux centres de visas pour la Russie \u00e0 Paris, Strasbourg et Marseille, voire aux consulats g\u00e9n\u00e9raux, \u00e0 Strasbourg et Marseille.<\/p>\n<p>Pour le visa Inde\u00a0qui est valable trente jours, il faut s&rsquo;adresser \u00e0 l&rsquo;ICPVAC : India Consular Passport and Visa Application Centre, \u00e0 Paris. Les frais sont \u00e0 r\u00e9gler en esp\u00e8ces ou par carte de cr\u00e9dit. Un ch\u00e8que de banque certifi\u00e9 est aussi accept\u00e9.<\/p>\n<p>Un\u00a0se retire uniquement aupr\u00e8s de l&rsquo;ambassade du Vietnam \u00e0 Paris. Cette formalit\u00e9 peut se faire par correspondance. Le montant d\u00fb sera pay\u00e9 en esp\u00e8ces uniquement.<\/p>\n<p>&nbsp;<\/p>\n<h2>Prendre la mer, en croisi\u00e8re<\/h2>\n<p>&nbsp;<\/p>\n<p>Ce type de p\u00e9riples en grands bateaux est devenu un secteur substantiel dans l&rsquo;industrie du tourisme, avec une croissance constante qui s&rsquo;explique par une offre diversifi\u00e9e. Il y a encore quarante ans, les b\u00e2timents de croisiere \u00e9taient des paquebots transform\u00e9s en navires de plaisance.<\/p>\n<p>D\u00e9sormais, ils sont construits \u00e0 cet effet et contribuent largement au carnet de commandes des chantiers navals, souvent fran\u00e7ais. Les compagnies voient les choses en grand : la majorit\u00e9 des bateaux sont de dimensions gigantesques. Sur le luxueux Queen Mary II, la ligne transatlantique est assur\u00e9e entre New-York et Southampton.<\/p>\n<p>En 2018, un c\u00e9l\u00e8bre croisi\u00e9riste va inaugurer le premier vaisseau de tourisme en termes de nombre de voyageurs. Il n&rsquo;est d\u00e9j\u00e0 pas rare de voir voguer des navires de 220 000 tonnes transportant pr\u00e8s de 6300 vacanciers.<\/p>\n<p>&nbsp;<\/p>\n<h2>Partir en safari, \u00e0 la d\u00e9couverte de l&rsquo;Afrique<\/h2>\n<p>&nbsp;<\/p>\n<p>Ces traditionnels safari afrique\u00a0voyages pour chasseurs de gros gibier sont d\u00e9sormais des s\u00e9jours touristiques plus \u00e9cologiques et \u00e9thiques, r\u00e9pondant ainsi aux attentes d&rsquo;une nouvelle client\u00e8le.<\/p>\n<p>Un safari Afrique du sud \u00a0, seul, en famille ou avec un guide vous permet d&rsquo;observer sans risques des lions, rhinoc\u00e9ros, l\u00e9opards, panth\u00e8res et autres girafes depuis un v\u00e9hicule tout-terrain, \u00e0 travers le parc Kruger par exemple.<\/p>\n<p>Pour un safari Kenya \u00a0dans ce pays \u00e9quatorial et montagneux, l&rsquo;altitude et le d\u00e9paysement sont au rendez-vous puisque les r\u00e9serves naturelles sont situ\u00e9es \u00e0 une hauteur minimale de mille m\u00e8tres et peuvent s&rsquo;\u00e9lever jusqu&rsquo;au triple. Le parc national d&rsquo;Amboseli est incontournable pour admirer des animaux prot\u00e9g\u00e9s dans leur environnement naturel.<\/p>\n<p>La formule du safari Tanzanie loffre le choix entre un h\u00e9bergement luxueux ou un campement en plein air. Rien de tel pour \u00eatre aux premi\u00e8res loges des migrations d&rsquo;esp\u00e8ces exotiques vers les plaines du Serengeti. La Tanzanie est r\u00e9put\u00e9e pour la richesse de sa faune, qui vit en harmonie dans son biotope.<\/p>\n<p>Pour obtenir un monte meuble en location vous rendre ici :\u00a0<a href=\"https:\/\/www.demenageur.com\/comment-louer-un-monte-meuble-combien-cela-coute-t-il\/\">https:\/\/www.demenageur.com\/comment-louer-un-monte-meuble-combien-cela-coute-t-il\/<\/a><\/p>\n","protected":false},"excerpt":{"rendered":"<p>Courir pour une bonne cause : &nbsp; Chausser ses baskets pour une course purement sportive ? Une telle initiative ne tentera que les plus endurants et les mieux entra\u00een\u00e9s d&rsquo;entre&#8230; <\/p>\n","protected":false},"author":1,"featured_media":0,"parent":0,"menu_order":0,"comment_status":"closed","ping_status":"closed","template":"","meta":[],"_links":{"self":[{"href":"https:\/\/www.cpam-larochelle.fr\/index.php\/wp-json\/wp\/v2\/pages\/6"}],"collection":[{"href":"https:\/\/www.cpam-larochelle.fr\/index.php\/wp-json\/wp\/v2\/pages"}],"about":[{"href":"https:\/\/www.cpam-larochelle.fr\/index.php\/wp-json\/wp\/v2\/types\/page"}],"author":[{"embeddable":true,"href":"https:\/\/www.cpam-larochelle.fr\/index.php\/wp-json\/wp\/v2\/users\/1"}],"replies":[{"embeddable":true,"href":"https:\/\/www.cpam-larochelle.fr\/index.php\/wp-json\/wp\/v2\/comments?post=6"}],"version-history":[{"count":5,"href":"https:\/\/www.cpam-larochelle.fr\/index.php\/wp-json\/wp\/v2\/pages\/6\/revisions"}],"predecessor-version":[{"id":14,"href":"https:\/\/www.cpam-larochelle.fr\/index.php\/wp-json\/wp\/v2\/pages\/6\/revisions\/14"}],"wp:attachment":[{"href":"https:\/\/www.cpam-larochelle.fr\/index.php\/wp-json\/wp\/v2\/media?parent=6"}],"curies":[{"name":"wp","href":"https:\/\/api.w.org\/{rel}","templated":true}]}}